{"id":9739,"date":"2025-06-17T16:01:29","date_gmt":"2025-06-17T14:01:29","guid":{"rendered":"https:\/\/carbones-factures.org\/who-we-are\/"},"modified":"2026-03-27T13:16:58","modified_gmt":"2026-03-27T12:16:58","slug":"who-we-are","status":"publish","type":"page","link":"https:\/\/carbones-factures.org\/en\/who-we-are\/","title":{"rendered":"Who we are"},"content":{"rendered":"<p>[et_pb_section fb_built=&#8221;1&#8243; admin_label=&#8221;Section&#8221; module_id=&#8221;debut-page&#8221; _builder_version=&#8221;4.16&#8243; _module_preset=&#8221;default&#8221; background_video_mp4=&#8221;https:\/\/reconcilions-nous.fr\/wp-content\/uploads\/2021\/07\/Starry-Sky-14955.mp4&#8243; da_popup_slug=&#8221;debut-page&#8221; da_disable_devices=&#8221;off|off|off&#8221; global_colors_info=&#8221;{}&#8221; da_is_popup=&#8221;off&#8221; da_exit_intent=&#8221;off&#8221; da_has_close=&#8221;on&#8221; da_alt_close=&#8221;off&#8221; da_dark_close=&#8221;off&#8221; da_not_modal=&#8221;on&#8221; da_is_singular=&#8221;off&#8221; da_with_loader=&#8221;off&#8221; da_has_shadow=&#8221;on&#8221;][et_pb_row _builder_version=&#8221;4.24.2&#8243; _module_preset=&#8221;default&#8221; min_height=&#8221;58px&#8221; custom_margin=&#8221;5px|auto||auto||&#8221; global_colors_info=&#8221;{}&#8221;][et_pb_column type=&#8221;4_4&#8243; _builder_version=&#8221;4.16&#8243; _module_preset=&#8221;default&#8221; global_colors_info=&#8221;{}&#8221;][et_pb_text _builder_version=&#8221;4.24.2&#8243; _module_preset=&#8221;default&#8221; text_font_size=&#8221;25px&#8221; header_font=&#8221;Gilroy Extrabold||||||||&#8221; header_text_align=&#8221;center&#8221; header_text_color=&#8221;#FFFFFF&#8221; header_font_size=&#8221;40px&#8221; header_line_height=&#8221;1.5em&#8221; custom_margin=&#8221;23px||0px||false|false&#8221; header_font_size_tablet=&#8221;&#8221; header_font_size_phone=&#8221;35px&#8221; header_font_size_last_edited=&#8221;on|phone&#8221; global_colors_info=&#8221;{}&#8221;]<\/p>\n<h1 style=\"text-align: center;\">Who we are <\/h1>\n<p>[\/et_pb_text][\/et_pb_column][\/et_pb_row][et_pb_row column_structure=&#8221;1_2,1_2&#8243; _builder_version=&#8221;4.24.2&#8243; _module_preset=&#8221;default&#8221; min_height=&#8221;58px&#8221; custom_margin=&#8221;5px|auto||auto||&#8221; global_colors_info=&#8221;{}&#8221;][et_pb_column type=&#8221;1_2&#8243; _builder_version=&#8221;4.16&#8243; _module_preset=&#8221;default&#8221; global_colors_info=&#8221;{}&#8221;][\/et_pb_column][et_pb_column type=&#8221;1_2&#8243; _builder_version=&#8221;4.16&#8243; _module_preset=&#8221;default&#8221; global_colors_info=&#8221;{}&#8221;][\/et_pb_column][\/et_pb_row][\/et_pb_section][et_pb_section fb_built=&#8221;1&#8243; admin_label=&#8221;Section&#8221; module_id=&#8221;episode1&#8243; _builder_version=&#8221;4.24.2&#8243; _module_preset=&#8221;default&#8221; background_color=&#8221;gcid-6af40c39-ed5c-4006-8290-7e66b9418a31&#8243; width=&#8221;100%&#8221; custom_padding=&#8221;|1px||||&#8221; da_popup_slug=&#8221;episode1&#8243; da_disable_devices=&#8221;off|off|off&#8221; global_colors_info=&#8221;{%22gcid-6af40c39-ed5c-4006-8290-7e66b9418a31%22:%91%22background_color%22%93}&#8221; da_is_popup=&#8221;off&#8221; da_exit_intent=&#8221;off&#8221; da_has_close=&#8221;on&#8221; da_alt_close=&#8221;off&#8221; da_dark_close=&#8221;off&#8221; da_not_modal=&#8221;on&#8221; da_is_singular=&#8221;off&#8221; da_with_loader=&#8221;off&#8221; da_has_shadow=&#8221;on&#8221;][et_pb_row _builder_version=&#8221;4.18.0&#8243; _module_preset=&#8221;default&#8221; global_colors_info=&#8221;{}&#8221;][et_pb_column type=&#8221;4_4&#8243; _builder_version=&#8221;4.18.0&#8243; _module_preset=&#8221;default&#8221; global_colors_info=&#8221;{}&#8221;][et_pb_text _builder_version=&#8221;4.24.2&#8243; _module_preset=&#8221;default&#8221; text_text_color=&#8221;#FFFFFF&#8221; text_font_size=&#8221;25px&#8221; text_line_height=&#8221;1.4em&#8221; custom_padding=&#8221;||0px|||&#8221; hover_enabled=&#8221;0&#8243; global_colors_info=&#8221;{}&#8221; sticky_enabled=&#8221;0&#8243;]<\/p>\n<p><span style=\"color: #f0cf34;\">Carbones sur factures<\/span> was launched in October 2022 by <a href=\"https:\/\/reconcilions-nous.fr\/\" target=\"_blank\" rel=\"noopener\">R\u00e9concilions-nous !<\/a> (or R!): a group of volunteers who aim to act as a \u2018lobby for the public interest\u2019 on key and difficult issues that are mired in controversy.<\/p>\n<p>The Carbones sur factures expert collective has devised (along with many others around the world, as we have discovered in the course of our work) a method for counting carbon emitted and captured (known as the Carbon Cumulative Accounting method, or CCA). It can re-balance the climate and biodiversity by re-balancing the economy, through <a href=\"https:\/\/carbones-factures.org\/presentation-generale\/\"><strong>Environmental Competition or ZEN<\/strong> <\/a>(Zero Emissions Net) competition. <\/p>\n<p><strong>Our backers<\/strong><\/p>\n<p>Our names are no secret; they are listed<a href=\"#benevole\"> here<\/a>. We are prouder of the names of our backers. <a href=\"https:\/\/carbones-factures.org\/en\/labeltransmission\/\">Here<\/a> you will find those who signed our second appeal to the public authorities at the end of 2025. And <a href=\"https:\/\/carbones-factures.org\/enseignants\/\">here<\/a> you will find the professors who helped us develop the webinars we offer to professionals and students so they can master the counting methods required for ZEN competition.   <\/p>\n<p><strong>And where does the money come from?<\/strong><\/p>\n<p>We keep our financial needs to an absolute minimum to maintain our independence, and our modest running costs are covered by a few volunteers. If necessary, we would appeal to the hundreds of people who have supported us over the last few years and left their contact details (we have never had to do this yet). <\/p>\n<p>&nbsp;<\/p>\n<p>&nbsp;<\/p>\n<p>[\/et_pb_text][et_pb_button button_url=&#8221;https:\/\/carbones-factures.org\/contact-us\/&#8221; url_new_window=&#8221;on&#8221; button_text=&#8221;Contact us&#8221; button_alignment=&#8221;left&#8221; _builder_version=&#8221;4.24.2&#8243; _module_preset=&#8221;default&#8221; custom_button=&#8221;on&#8221; button_text_color=&#8221;#000000&#8243; button_bg_color=&#8221;#F0CF34&#8243; button_border_width=&#8221;0px&#8221; global_colors_info=&#8221;{}&#8221;][\/et_pb_button][\/et_pb_column][\/et_pb_row][\/et_pb_section][et_pb_section fb_built=&#8221;1&#8243; admin_label=&#8221;Popup &#8211; #benevole&#8221; module_id=&#8221;benevole&#8221; module_class=&#8221;popup dark&#8221; _builder_version=&#8221;4.24.2&#8243; _module_preset=&#8221;default&#8221; background_color=&#8221;#000000&#8243; custom_padding=&#8221;42px|||||&#8221; hover_enabled=&#8221;0&#8243; da_is_popup=&#8221;on&#8221; da_popup_slug=&#8221;benevole&#8221; da_dark_close=&#8221;on&#8221; da_disable_devices=&#8221;off|off|off&#8221; global_colors_info=&#8221;{}&#8221; da_exit_intent=&#8221;off&#8221; da_has_close=&#8221;on&#8221; da_alt_close=&#8221;off&#8221; da_not_modal=&#8221;on&#8221; da_is_singular=&#8221;off&#8221; da_with_loader=&#8221;off&#8221; da_has_shadow=&#8221;on&#8221; sticky_enabled=&#8221;0&#8243;][et_pb_row _builder_version=&#8221;4.24.2&#8243; _module_preset=&#8221;default&#8221; global_colors_info=&#8221;{}&#8221;][et_pb_column type=&#8221;4_4&#8243; _builder_version=&#8221;4.24.2&#8243; _module_preset=&#8221;default&#8221; global_colors_info=&#8221;{}&#8221;][et_pb_text _builder_version=&#8221;4.24.2&#8243; _module_preset=&#8221;default&#8221; text_text_color=&#8221;#FFFFFF&#8221; text_font_size=&#8221;24px&#8221; text_line_height=&#8221;1.4em&#8221; global_colors_info=&#8221;{}&#8221;]<\/p>\n<p>We are Christine Altuzarra, Anne Beaufum\u00e9, Jean-Marc B\u00e9guin, Philippe Bois, Claire Cazes, J\u00e9r\u00f4me Cazes, Gilles Cormary, Vincent Del\u00e8gue, Bruno Delezenne, Xavier Denecker, Sylvain de Forges, Elisabeth Humbert-Dorfm\u00fcller, Jos\u00e9-Luc Leban, Alexis Loub\u00e8re, Alain Minczeles, Daniel Morin, St\u00e9phanie Nassif-Veillon, Isabelle Rabaron, Val\u00e9rie Vanwormhoudt<\/p>\n<p>[\/et_pb_text][\/et_pb_column][\/et_pb_row][\/et_pb_section]<\/p>\n","protected":false},"excerpt":{"rendered":"<p>Who we are Carbones sur factures was launched in October 2022 by R\u00e9concilions-nous ! (or R!): a group of volunteers who aim to act as a \u2018lobby for the public interest\u2019 on key and difficult issues that are mired in controversy. The Carbones sur factures expert collective has devised (along with many others around the [&hellip;]<\/p>\n","protected":false},"author":2,"featured_media":0,"parent":0,"menu_order":0,"comment_status":"closed","ping_status":"closed","template":"","meta":{"_et_pb_use_builder":"on","_et_pb_old_content":"","_et_gb_content_width":"","footnotes":""},"class_list":["post-9739","page","type-page","status-publish","hentry"],"_links":{"self":[{"href":"https:\/\/carbones-factures.org\/en\/wp-json\/wp\/v2\/pages\/9739","targetHints":{"allow":["GET"]}}],"collection":[{"href":"https:\/\/carbones-factures.org\/en\/wp-json\/wp\/v2\/pages"}],"about":[{"href":"https:\/\/carbones-factures.org\/en\/wp-json\/wp\/v2\/types\/page"}],"author":[{"embeddable":true,"href":"https:\/\/carbones-factures.org\/en\/wp-json\/wp\/v2\/users\/2"}],"replies":[{"embeddable":true,"href":"https:\/\/carbones-factures.org\/en\/wp-json\/wp\/v2\/comments?post=9739"}],"version-history":[{"count":15,"href":"https:\/\/carbones-factures.org\/en\/wp-json\/wp\/v2\/pages\/9739\/revisions"}],"predecessor-version":[{"id":11686,"href":"https:\/\/carbones-factures.org\/en\/wp-json\/wp\/v2\/pages\/9739\/revisions\/11686"}],"wp:attachment":[{"href":"https:\/\/carbones-factures.org\/en\/wp-json\/wp\/v2\/media?parent=9739"}],"curies":[{"name":"wp","href":"https:\/\/api.w.org\/{rel}","templated":true}]}}