{"id":9616,"date":"2025-06-16T10:08:36","date_gmt":"2025-06-16T08:08:36","guid":{"rendered":"https:\/\/carbones-factures.org\/contact\/"},"modified":"2025-06-16T12:41:44","modified_gmt":"2025-06-16T10:41:44","slug":"contact","status":"publish","type":"page","link":"https:\/\/carbones-factures.org\/en\/contact\/","title":{"rendered":"Contact"},"content":{"rendered":"<p>[et_pb_section fb_built=&#8221;1&#8243; _builder_version=&#8221;4.23&#8243; _module_preset=&#8221;default&#8221; background_color=&#8221;#000000&#8243; da_disable_devices=&#8221;off|off|off&#8221; global_colors_info=&#8221;{}&#8221; theme_builder_area=&#8221;post_content&#8221; da_is_popup=&#8221;off&#8221; da_exit_intent=&#8221;off&#8221; da_has_close=&#8221;on&#8221; da_alt_close=&#8221;off&#8221; da_dark_close=&#8221;off&#8221; da_not_modal=&#8221;on&#8221; da_is_singular=&#8221;off&#8221; da_with_loader=&#8221;off&#8221; da_has_shadow=&#8221;on&#8221;][et_pb_row _builder_version=&#8221;4.23&#8243; _module_preset=&#8221;default&#8221; background_color=&#8221;#F0CF34&#8243; global_colors_info=&#8221;{}&#8221; theme_builder_area=&#8221;post_content&#8221;][et_pb_column type=&#8221;4_4&#8243; _builder_version=&#8221;4.23&#8243; _module_preset=&#8221;default&#8221; global_colors_info=&#8221;{}&#8221; theme_builder_area=&#8221;post_content&#8221;][wpforms_selector form_id=&#8221;6256&#8243; show_title=&#8221;on&#8221; _builder_version=&#8221;4.24.2&#8243; _module_preset=&#8221;default&#8221; width=&#8221;54%&#8221; module_alignment=&#8221;center&#8221; hover_enabled=&#8221;0&#8243; custom_css_free_form=&#8221;.bouton_wpforms {||  background-color : #008fb3!important||    ||}||&#8221; global_colors_info=&#8221;{}&#8221; theme_builder_area=&#8221;post_content&#8221; sticky_enabled=&#8221;0&#8243;][\/wpforms_selector][\/et_pb_column][\/et_pb_row][et_pb_row _builder_version=&#8221;4.23&#8243; _module_preset=&#8221;default&#8221; global_colors_info=&#8221;{}&#8221; theme_builder_area=&#8221;post_content&#8221;][et_pb_column type=&#8221;4_4&#8243; _builder_version=&#8221;4.23&#8243; _module_preset=&#8221;default&#8221; global_colors_info=&#8221;{}&#8221; theme_builder_area=&#8221;post_content&#8221;][et_pb_text _builder_version=&#8221;4.23&#8243; _module_preset=&#8221;default&#8221; global_colors_info=&#8221;{}&#8221; theme_builder_area=&#8221;post_content&#8221;][\/et_pb_text][\/et_pb_column][\/et_pb_row][\/et_pb_section]<\/p>\n","protected":false},"excerpt":{"rendered":"<div class=\"et_pb_module wpforms_selector wpforms_selector_0\">\n\t\t\t\t\n\t\t\t\t\n\t\t\t\t\n\t\t\t\t\n\t\t\t\t\n\t\t\t\t\n\t\t\t\t<div class=\"et_pb_module_inner\">\n\t\t\t\t\t<div class=\"wpforms-container wpforms-container-full wpforms-render-modern\" id=\"wpforms-6256\"><form id=\"wpforms-form-6256\" class=\"wpforms-validate wpforms-form wpforms-ajax-form\" data-formid=\"6256\" method=\"post\" enctype=\"multipart\/form-data\" action=\"\/en\/wp-json\/wp\/v2\/pages\/9616\" data-token=\"8703be344dbe9df9d833764556f20e7d\" data-token-time=\"1776377957\"><div class=\"wpforms-head-container\"><div class=\"wpforms-title\">Pour nous contacter<\/div><\/div><noscript class=\"wpforms-error-noscript\">Please enable JavaScript in your browser to complete this form.<\/noscript><div class=\"wpforms-hidden\" id=\"wpforms-error-noscript\">Please enable JavaScript in your browser to complete this form.<\/div><div class=\"wpforms-field-container\"><div id=\"wpforms-6256-field_1-container\" class=\"wpforms-field wpforms-field-textarea\" data-field-id=\"1\"><label class=\"wpforms-field-label\" for=\"wpforms-6256-field_1\">N\u2019h\u00e9sitez pas \u00e0 pr\u00e9ciser ce qui vous int\u00e9resse<\/label><textarea id=\"wpforms-6256-field_1\" class=\"wpforms-field-large\" name=\"wpforms[fields][1]\" aria-errormessage=\"wpforms-6256-field_1-error\" ><\/textarea><\/div><div id=\"wpforms-6256-field_3-container\" class=\"wpforms-field wpforms-field-email\" data-field-id=\"3\"><label class=\"wpforms-field-label\" for=\"wpforms-6256-field_3\">Nous garantissons que votre email ne sera partag\u00e9 avec personne et servira uniquement aux communications de Carbones sur factures - Votre email <span class=\"wpforms-required-label\" aria-hidden=\"true\">*<\/span><\/label><input type=\"email\" id=\"wpforms-6256-field_3\" class=\"wpforms-field-medium wpforms-field-required\" name=\"wpforms[fields][3]\" spellcheck=\"false\" aria-errormessage=\"wpforms-6256-field_3-error\" required><\/div><\/div><!-- .wpforms-field-container --><div class=\"wpforms-submit-container\" ><input type=\"hidden\" name=\"wpforms[id]\" value=\"6256\"><input type=\"hidden\" name=\"page_title\" value=\"\"><input type=\"hidden\" name=\"page_url\" value=\"https:\/\/carbones-factures.org\/en\/wp-json\/wp\/v2\/pages\/9616\"><input type=\"hidden\" name=\"url_referer\" value=\"\"><button type=\"submit\" name=\"wpforms[submit]\" id=\"wpforms-submit-6256\" class=\"wpforms-submit\" data-alt-text=\"Envoi...\" data-submit-text=\"Envoyer\" aria-live=\"assertive\" value=\"wpforms-submit\">Envoyer<\/button><img loading=\"lazy\" decoding=\"async\" src=\"https:\/\/carbones-factures.org\/wp-content\/plugins\/wpforms-lite\/assets\/images\/submit-spin.svg\" class=\"wpforms-submit-spinner\" style=\"display: none;\" width=\"26\" height=\"26\" alt=\"Loading\"><\/div><\/form><\/div>  <!-- .wpforms-container -->\n\t\t\t\t<\/div>\n\t\t\t<\/div>\n","protected":false},"author":2,"featured_media":0,"parent":0,"menu_order":0,"comment_status":"closed","ping_status":"closed","template":"","meta":{"_et_pb_use_builder":"on","_et_pb_old_content":"","_et_gb_content_width":"","footnotes":""},"class_list":["post-9616","page","type-page","status-publish","hentry"],"_links":{"self":[{"href":"https:\/\/carbones-factures.org\/en\/wp-json\/wp\/v2\/pages\/9616","targetHints":{"allow":["GET"]}}],"collection":[{"href":"https:\/\/carbones-factures.org\/en\/wp-json\/wp\/v2\/pages"}],"about":[{"href":"https:\/\/carbones-factures.org\/en\/wp-json\/wp\/v2\/types\/page"}],"author":[{"embeddable":true,"href":"https:\/\/carbones-factures.org\/en\/wp-json\/wp\/v2\/users\/2"}],"replies":[{"embeddable":true,"href":"https:\/\/carbones-factures.org\/en\/wp-json\/wp\/v2\/comments?post=9616"}],"version-history":[{"count":1,"href":"https:\/\/carbones-factures.org\/en\/wp-json\/wp\/v2\/pages\/9616\/revisions"}],"predecessor-version":[{"id":9617,"href":"https:\/\/carbones-factures.org\/en\/wp-json\/wp\/v2\/pages\/9616\/revisions\/9617"}],"wp:attachment":[{"href":"https:\/\/carbones-factures.org\/en\/wp-json\/wp\/v2\/media?parent=9616"}],"curies":[{"name":"wp","href":"https:\/\/api.w.org\/{rel}","templated":true}]}}