{"id":4337,"date":"2023-08-29T10:24:09","date_gmt":"2023-08-29T08:24:09","guid":{"rendered":"https:\/\/carbones-factures.org\/le-derapage-general-la-mauvaise-nouvelle-annoncee-par-les-scientifiques\/"},"modified":"2023-11-09T12:30:22","modified_gmt":"2023-11-09T11:30:22","slug":"le-derapage-general-la-mauvaise-nouvelle-annoncee-par-les-scientifiques","status":"publish","type":"page","link":"https:\/\/carbones-factures.org\/en\/le-derapage-general-la-mauvaise-nouvelle-annoncee-par-les-scientifiques\/","title":{"rendered":"Le d\u00e9rapage g\u00e9n\u00e9ral : la mauvaise nouvelle annonc\u00e9e par les scientifiques"},"content":{"rendered":"<p>[et_pb_section fb_built=&#8221;1&#8243; module_id=&#8221;debut-page&#8221; _builder_version=&#8221;4.16&#8243; _module_preset=&#8221;default&#8221; background_video_mp4=&#8221;https:\/\/reconcilions-nous.fr\/wp-content\/uploads\/2021\/07\/Starry-Sky-14955.mp4&#8243; da_disable_devices=&#8221;off|off|off&#8221; global_colors_info=&#8221;{}&#8221; da_is_popup=&#8221;off&#8221; da_exit_intent=&#8221;off&#8221; da_has_close=&#8221;on&#8221; da_alt_close=&#8221;off&#8221; da_dark_close=&#8221;off&#8221; da_not_modal=&#8221;on&#8221; da_is_singular=&#8221;off&#8221; da_with_loader=&#8221;off&#8221; da_has_shadow=&#8221;on&#8221;][et_pb_row _builder_version=&#8221;4.18.0&#8243; _module_preset=&#8221;default&#8221; min_height=&#8221;194.6px&#8221; custom_margin=&#8221;5px|auto|-38px|auto||&#8221; custom_padding=&#8221;||7px|||&#8221; global_colors_info=&#8221;{}&#8221;][et_pb_column type=&#8221;4_4&#8243; _builder_version=&#8221;4.16&#8243; _module_preset=&#8221;default&#8221; global_colors_info=&#8221;{}&#8221;][et_pb_text _builder_version=&#8221;4.23&#8243; _module_preset=&#8221;default&#8221; header_font=&#8221;Gilroy Extrabold||||||||&#8221; header_text_align=&#8221;center&#8221; header_text_color=&#8221;#FFFFFF&#8221; header_font_size=&#8221;40px&#8221; header_line_height=&#8221;1.5em&#8221; custom_margin=&#8221;23px||0px||false|false&#8221; header_font_size_tablet=&#8221;&#8221; header_font_size_phone=&#8221;35px&#8221; header_font_size_last_edited=&#8221;on|phone&#8221; global_colors_info=&#8221;{}&#8221;]<\/p>\n<h1 style=\"text-align: left;\"><\/h1>\n<h1 style=\"text-align: left;\">Let&#8217;s measure real decarbonation,<\/h1>\n<h1 style=\"text-align: left;\">that of people and living things<\/h1>\n<h1 style=\"text-align: left;\"><\/h1>\n<p>&nbsp;<\/p>\n<p>&nbsp;<\/p>\n<p>&nbsp;<\/p>\n<p>&nbsp;<\/p>\n<p>[\/et_pb_text][\/et_pb_column][\/et_pb_row][\/et_pb_section][et_pb_section fb_built=&#8221;1&#8243; _builder_version=&#8221;4.18.0&#8243; _module_preset=&#8221;default&#8221; background_color=&#8221;#000000&#8243; min_height=&#8221;855.4px&#8221; custom_padding=&#8221;0px|||||&#8221; da_disable_devices=&#8221;off|off|off&#8221; global_colors_info=&#8221;{}&#8221; da_is_popup=&#8221;off&#8221; da_exit_intent=&#8221;off&#8221; da_has_close=&#8221;on&#8221; da_alt_close=&#8221;off&#8221; da_dark_close=&#8221;off&#8221; da_not_modal=&#8221;on&#8221; da_is_singular=&#8221;off&#8221; da_with_loader=&#8221;off&#8221; da_has_shadow=&#8221;on&#8221;][et_pb_row _builder_version=&#8221;4.18.0&#8243; _module_preset=&#8221;default&#8221; global_colors_info=&#8221;{}&#8221;][et_pb_column type=&#8221;4_4&#8243; _builder_version=&#8221;4.18.0&#8243; _module_preset=&#8221;default&#8221; global_colors_info=&#8221;{}&#8221;][et_pb_text _builder_version=&#8221;4.18.0&#8243; _module_preset=&#8221;default&#8221; text_text_color=&#8221;#FFFFFF&#8221; text_font_size=&#8221;25px&#8221; text_line_height=&#8221;1.4em&#8221; global_colors_info=&#8221;{}&#8221;]<\/p>\n<p>Carbon balance is the cause and consequence of three series of complex balances<\/p>\n<p style=\"padding-left: 40px;\">&#8211; The climate,<\/p>\n<p style=\"padding-left: 40px;\">&#8211; The water cycle, and the rocks that are impacted by water run-off and also trap carbon,<\/p>\n<p style=\"padding-left: 40px;\">&#8211; That of the carbon contributions of all living species : the human species, the so-called domesticated species (animal or plant), and the others, including their decomposition and fossils that trap or release carbon.<em><\/em><\/p>\n<p>[\/et_pb_text][\/et_pb_column][\/et_pb_row][et_pb_row _builder_version=&#8221;4.18.0&#8243; _module_preset=&#8221;default&#8221; global_colors_info=&#8221;{}&#8221;][et_pb_column type=&#8221;4_4&#8243; _builder_version=&#8221;4.18.0&#8243; _module_preset=&#8221;default&#8221; global_colors_info=&#8221;{}&#8221;][et_pb_image src=&#8221;https:\/\/carbones-factures.org\/wp-content\/uploads\/2023\/10\/dessin-JC-11-GB-v1-1.png&#8221; title_text=&#8221;dessin JC 11jpg&#8221; align=&#8221;center&#8221; _builder_version=&#8221;4.18.0&#8243; _module_preset=&#8221;default&#8221; width=&#8221;60%&#8221; max_width=&#8221;75%&#8221; global_colors_info=&#8221;{}&#8221;][\/et_pb_image][\/et_pb_column][\/et_pb_row][\/et_pb_section][et_pb_section fb_built=&#8221;1&#8243; _builder_version=&#8221;4.18.0&#8243; _module_preset=&#8221;default&#8221; background_color=&#8221;#00457A&#8221; min_height=&#8221;698.1px&#8221; custom_padding=&#8221;0px|||||&#8221; da_disable_devices=&#8221;off|off|off&#8221; global_colors_info=&#8221;{}&#8221; da_is_popup=&#8221;off&#8221; da_exit_intent=&#8221;off&#8221; da_has_close=&#8221;on&#8221; da_alt_close=&#8221;off&#8221; da_dark_close=&#8221;off&#8221; da_not_modal=&#8221;on&#8221; da_is_singular=&#8221;off&#8221; da_with_loader=&#8221;off&#8221; da_has_shadow=&#8221;on&#8221;][et_pb_row _builder_version=&#8221;4.18.0&#8243; _module_preset=&#8221;default&#8221; global_colors_info=&#8221;{}&#8221;][et_pb_column type=&#8221;4_4&#8243; _builder_version=&#8221;4.18.0&#8243; _module_preset=&#8221;default&#8221; global_colors_info=&#8221;{}&#8221;][et_pb_text _builder_version=&#8221;4.18.0&#8243; _module_preset=&#8221;default&#8221; text_text_color=&#8221;#FFFFFF&#8221; text_font_size=&#8221;25px&#8221; text_line_height=&#8221;1.4em&#8221; global_colors_info=&#8221;{}&#8221;]<\/p>\n<p>As soon as non-domesticated species were no longer able to capture man-made emissions, carbons began to accumulate in the atmosphere, and complex balances became complex <span style=\"text-decoration: underline;\">imbalances :<\/span> each slippage in one area causing slippage in the other three and increasing stress for living species.<em><\/em><\/p>\n<p>[\/et_pb_text][\/et_pb_column][\/et_pb_row][et_pb_row _builder_version=&#8221;4.18.0&#8243; _module_preset=&#8221;default&#8221; global_colors_info=&#8221;{}&#8221;][et_pb_column type=&#8221;4_4&#8243; _builder_version=&#8221;4.18.0&#8243; _module_preset=&#8221;default&#8221; global_colors_info=&#8221;{}&#8221;][et_pb_text _builder_version=&#8221;4.18.0&#8243; _module_preset=&#8221;default&#8221; text_text_color=&#8221;#FFFFFF&#8221; text_font_size=&#8221;25px&#8221; text_line_height=&#8221;1.4em&#8221; global_colors_info=&#8221;{}&#8221;]<\/p>\n<p>For a long time, carbon emissions from humans (mainly the burning of fossil fuels) and from domesticated species (mainly livestock farming) did not alter the global balance : non-domesticated species (trees, plankton, bacteria, etc.) easily captured the excess carbon (they represent more than 999 per thousand of the weight of living organisms on earth). They provided 100% of decarbonation. <em><\/em><\/p>\n<p>[\/et_pb_text][\/et_pb_column][\/et_pb_row][et_pb_row _builder_version=&#8221;4.18.0&#8243; _module_preset=&#8221;default&#8221; global_colors_info=&#8221;{}&#8221;][et_pb_column type=&#8221;4_4&#8243; _builder_version=&#8221;4.18.0&#8243; _module_preset=&#8221;default&#8221; global_colors_info=&#8221;{}&#8221;][et_pb_image src=&#8221;https:\/\/carbones-factures.org\/wp-content\/uploads\/2023\/10\/dessin-JC-11-red-GB-v3.jpg&#8221; title_text=&#8221;dessin JC 11 red FR v3&#8243; align=&#8221;center&#8221; _builder_version=&#8221;4.23&#8243; _module_preset=&#8221;default&#8221; width=&#8221;60%&#8221; max_width=&#8221;75%&#8221; global_colors_info=&#8221;{}&#8221;][\/et_pb_image][\/et_pb_column][\/et_pb_row][\/et_pb_section][et_pb_section fb_built=&#8221;1&#8243; _builder_version=&#8221;4.18.0&#8243; _module_preset=&#8221;default&#8221; background_color=&#8221;gcid-9c473708-9898-49ae-bc70-2ee8604789c1&#8243; da_disable_devices=&#8221;off|off|off&#8221; global_colors_info=&#8221;{%22gcid-9c473708-9898-49ae-bc70-2ee8604789c1%22:%91%22background_color%22%93}&#8221; da_is_popup=&#8221;off&#8221; da_exit_intent=&#8221;off&#8221; da_has_close=&#8221;on&#8221; da_alt_close=&#8221;off&#8221; da_dark_close=&#8221;off&#8221; da_not_modal=&#8221;on&#8221; da_is_singular=&#8221;off&#8221; da_with_loader=&#8221;off&#8221; da_has_shadow=&#8221;on&#8221;][et_pb_row _builder_version=&#8221;4.18.0&#8243; _module_preset=&#8221;default&#8221; global_colors_info=&#8221;{}&#8221;][et_pb_column type=&#8221;4_4&#8243; _builder_version=&#8221;4.18.0&#8243; _module_preset=&#8221;default&#8221; global_colors_info=&#8221;{}&#8221;][et_pb_text _builder_version=&#8221;4.18.0&#8243; _module_preset=&#8221;default&#8221; text_text_color=&#8221;#FFFFFF&#8221; text_font_size=&#8221;25px&#8221; text_line_height=&#8221;1.4em&#8221; global_colors_info=&#8221;{}&#8221;]<\/p>\n<p>We continued to see non-domesticated species as a partial factor in decarbonation, lending a helping hand free of charge. When there were 100 more carbons in the atmosphere, non-domesticated species captured 60, then 40, then 25.<\/p>\n<p>Today, the violence of the stress suffered by non-domesticated species threatens to reverse their contribution : for example, the stress on trees causes them to <span style=\"text-decoration: underline;\">emit<\/span> carbon <span style=\"text-decoration: underline;\">instead of capturing it<\/span>.<strong><\/strong><\/p>\n<p><strong>Effective decarbonation requires us to adopt the point of view of <span style=\"text-decoration: underline;\">all<\/span> living species, in order to accurately measure and anticipate their stress and their contribution to the carbon balance.<span style=\"text-decoration: underline;\"><\/span><\/strong><\/p>\n<p>&nbsp;<\/p>\n<p><em>See how <a href=\"https:\/\/carbones-factures.org\/en\/our-logo\/\">our logo<\/a> reflects this balance<\/em><\/p>\n<p><em><\/em><\/p>\n<p>[\/et_pb_text][\/et_pb_column][\/et_pb_row][et_pb_row column_structure=&#8221;2_3,1_3&#8243; _builder_version=&#8221;4.23&#8243; _module_preset=&#8221;default&#8221; hover_enabled=&#8221;0&#8243; global_colors_info=&#8221;{}&#8221; sticky_enabled=&#8221;0&#8243;][et_pb_column type=&#8221;2_3&#8243; _builder_version=&#8221;4.18.0&#8243; _module_preset=&#8221;default&#8221; global_colors_info=&#8221;{}&#8221;][\/et_pb_column][et_pb_column type=&#8221;1_3&#8243; _builder_version=&#8221;4.18.0&#8243; _module_preset=&#8221;default&#8221; global_colors_info=&#8221;{}&#8221;][et_pb_button button_url=&#8221;https:\/\/carbones-factures.org\/en\/#boutonensavoirplus&#8221; button_text=&#8221;See what is blocking us &#8221; _builder_version=&#8221;4.23&#8243; _module_preset=&#8221;default&#8221; custom_button=&#8221;on&#8221; button_text_size=&#8221;18px&#8221; button_text_color=&#8221;#000000&#8243; button_bg_color=&#8221;#F0CF34&#8243; hover_enabled=&#8221;0&#8243; global_colors_info=&#8221;{}&#8221; sticky_enabled=&#8221;0&#8243;][\/et_pb_button][\/et_pb_column][\/et_pb_row][\/et_pb_section]<\/p>\n","protected":false},"excerpt":{"rendered":"<p>Let&#8217;s measure real decarbonation, that of people and living things &nbsp; &nbsp; &nbsp; &nbsp;Carbon balance is the cause and consequence of three series of complex balances &#8211; The climate, &#8211; The water cycle, and the rocks that are impacted by water run-off and also trap carbon, &#8211; That of the carbon contributions of all living [&hellip;]<\/p>\n","protected":false},"author":2,"featured_media":0,"parent":0,"menu_order":0,"comment_status":"closed","ping_status":"closed","template":"","meta":{"_et_pb_use_builder":"on","_et_pb_old_content":"","_et_gb_content_width":"","footnotes":""},"class_list":["post-4337","page","type-page","status-publish","hentry"],"_links":{"self":[{"href":"https:\/\/carbones-factures.org\/en\/wp-json\/wp\/v2\/pages\/4337","targetHints":{"allow":["GET"]}}],"collection":[{"href":"https:\/\/carbones-factures.org\/en\/wp-json\/wp\/v2\/pages"}],"about":[{"href":"https:\/\/carbones-factures.org\/en\/wp-json\/wp\/v2\/types\/page"}],"author":[{"embeddable":true,"href":"https:\/\/carbones-factures.org\/en\/wp-json\/wp\/v2\/users\/2"}],"replies":[{"embeddable":true,"href":"https:\/\/carbones-factures.org\/en\/wp-json\/wp\/v2\/comments?post=4337"}],"version-history":[{"count":67,"href":"https:\/\/carbones-factures.org\/en\/wp-json\/wp\/v2\/pages\/4337\/revisions"}],"predecessor-version":[{"id":5011,"href":"https:\/\/carbones-factures.org\/en\/wp-json\/wp\/v2\/pages\/4337\/revisions\/5011"}],"wp:attachment":[{"href":"https:\/\/carbones-factures.org\/en\/wp-json\/wp\/v2\/media?parent=4337"}],"curies":[{"name":"wp","href":"https:\/\/api.w.org\/{rel}","templated":true}]}}