{"id":10656,"date":"2025-03-06T12:33:33","date_gmt":"2025-03-06T11:33:33","guid":{"rendered":"https:\/\/carbones-factures.org\/3-webinaires-gratuits\/"},"modified":"2026-04-10T12:00:22","modified_gmt":"2026-04-10T10:00:22","slug":"3-webinaires-gratuits","status":"publish","type":"page","link":"https:\/\/carbones-factures.org\/en\/3-webinaires-gratuits\/","title":{"rendered":"3 webinaires gratuits"},"content":{"rendered":"<p>[et_pb_section fb_built=&#8221;1&#8243; admin_label=&#8221;Section&#8221; module_id=&#8221;debut-page&#8221; _builder_version=&#8221;4.16&#8243; _module_preset=&#8221;default&#8221; background_video_mp4=&#8221;https:\/\/reconcilions-nous.fr\/wp-content\/uploads\/2021\/07\/Starry-Sky-14955.mp4&#8243; da_popup_slug=&#8221;debut-page&#8221; da_disable_devices=&#8221;off|off|off&#8221; global_colors_info=&#8221;{}&#8221; da_is_popup=&#8221;off&#8221; da_exit_intent=&#8221;off&#8221; da_has_close=&#8221;on&#8221; da_alt_close=&#8221;off&#8221; da_dark_close=&#8221;off&#8221; da_not_modal=&#8221;on&#8221; da_is_singular=&#8221;off&#8221; da_with_loader=&#8221;off&#8221; da_has_shadow=&#8221;on&#8221;][et_pb_row _builder_version=&#8221;4.24.2&#8243; _module_preset=&#8221;default&#8221; min_height=&#8221;194.6px&#8221; custom_margin=&#8221;5px|auto|-38px|auto||&#8221; custom_padding=&#8221;||7px|||&#8221; global_colors_info=&#8221;{}&#8221;][et_pb_column type=&#8221;4_4&#8243; _builder_version=&#8221;4.16&#8243; _module_preset=&#8221;default&#8221; global_colors_info=&#8221;{}&#8221;][et_pb_text _builder_version=&#8221;4.24.2&#8243; _module_preset=&#8221;default&#8221; link_text_color=&#8221;#F0CF34&#8243; header_font=&#8221;Gilroy Extrabold||||||||&#8221; header_text_align=&#8221;center&#8221; header_text_color=&#8221;#FFFFFF&#8221; header_font_size=&#8221;40px&#8221; header_line_height=&#8221;1.5em&#8221; text_orientation=&#8221;center&#8221; custom_margin=&#8221;23px||0px||false|false&#8221; custom_padding=&#8221;||0px|||&#8221; header_font_size_tablet=&#8221;&#8221; header_font_size_phone=&#8221;35px&#8221; header_font_size_last_edited=&#8221;on|phone&#8221; global_colors_info=&#8221;{}&#8221;]<\/p>\n<p>&nbsp;<\/p>\n<h1 style=\"text-align: center\"><strong>Nos webinaires sur mesure gratuits<\/strong><\/h1>\n<h1 style=\"text-align: center\"><strong>pour \u00e9tudiants et professionnels<\/strong><\/h1>\n<p><strong><\/strong><\/p>\n<p><strong><\/strong><\/p>\n<p><strong><\/strong><\/p>\n<p><strong><\/strong><\/p>\n<p>[\/et_pb_text][\/et_pb_column][\/et_pb_row][et_pb_row _builder_version=&#8221;4.24.2&#8243; _module_preset=&#8221;default&#8221; min_height=&#8221;194.6px&#8221; custom_margin=&#8221;5px|auto|-38px|auto||&#8221; custom_padding=&#8221;||7px|||&#8221; global_colors_info=&#8221;{}&#8221;][et_pb_column type=&#8221;4_4&#8243; _builder_version=&#8221;4.16&#8243; _module_preset=&#8221;default&#8221; global_colors_info=&#8221;{}&#8221;][et_pb_text _builder_version=&#8221;4.24.2&#8243; _module_preset=&#8221;default&#8221; text_font=&#8221;|600|||||||&#8221; text_text_color=&#8221;#FFFFFF&#8221; text_font_size=&#8221;30px&#8221; text_orientation=&#8221;center&#8221; global_colors_info=&#8221;{}&#8221;]<\/p>\n<p>\u00a0Tirer parti de la concurrence environnementale ZEN<\/p>\n<p>[\/et_pb_text][\/et_pb_column][\/et_pb_row][et_pb_row _builder_version=&#8221;4.24.2&#8243; _module_preset=&#8221;default&#8221; global_colors_info=&#8221;{}&#8221;][et_pb_column type=&#8221;4_4&#8243; _builder_version=&#8221;4.24.2&#8243; _module_preset=&#8221;default&#8221; global_colors_info=&#8221;{}&#8221;][et_pb_button button_url=&#8221;https:\/\/carbones-factures.org\/enseignants\/&#8221; url_new_window=&#8221;on&#8221; button_text=&#8221;Thanks to the teaching and research staff who helped&#8221; button_alignment=&#8221;right&#8221; _builder_version=&#8221;4.24.2&#8243; _module_preset=&#8221;default&#8221; custom_button=&#8221;on&#8221; button_text_color=&#8221;#000000&#8243; button_bg_color=&#8221;#F0CF34&#8243; button_border_width=&#8221;0px&#8221; global_colors_info=&#8221;{}&#8221;][\/et_pb_button][\/et_pb_column][\/et_pb_row][\/et_pb_section][et_pb_section fb_built=&#8221;1&#8243; admin_label=&#8221;Section&#8221; _builder_version=&#8221;4.24.2&#8243; _module_preset=&#8221;default&#8221; background_color=&#8221;gcid-6af40c39-ed5c-4006-8290-7e66b9418a31&#8243; da_disable_devices=&#8221;off|off|off&#8221; global_colors_info=&#8221;{%22gcid-6af40c39-ed5c-4006-8290-7e66b9418a31%22:%91%22background_color%22%93}&#8221; da_is_popup=&#8221;off&#8221; da_exit_intent=&#8221;off&#8221; da_has_close=&#8221;on&#8221; da_alt_close=&#8221;off&#8221; da_dark_close=&#8221;off&#8221; da_not_modal=&#8221;on&#8221; da_is_singular=&#8221;off&#8221; da_with_loader=&#8221;off&#8221; da_has_shadow=&#8221;on&#8221;][et_pb_row _builder_version=&#8221;4.24.2&#8243; _module_preset=&#8221;default&#8221; global_colors_info=&#8221;{}&#8221;][et_pb_column type=&#8221;4_4&#8243; _builder_version=&#8221;4.24.2&#8243; _module_preset=&#8221;default&#8221; global_colors_info=&#8221;{}&#8221;][et_pb_text _builder_version=&#8221;4.24.2&#8243; _module_preset=&#8221;default&#8221; text_text_color=&#8221;#FFFFFF&#8221; text_font_size=&#8221;25px&#8221; text_line_height=&#8221;1.3em&#8221; link_text_color=&#8221;#F0CF34&#8243; global_colors_info=&#8221;{}&#8221;]<\/p>\n<p>Ces webinaires ou tutoriels permettent de comprendre <strong>l&#8217;opportunit\u00e9 qu&#8217;ouvre la concurrence environnementale ZEN<\/strong> aux entreprises, aux \u00e9tablissements financiers, aux collectivit\u00e9s publiques, \u00e0 travers une nouvelle m\u00e9thode pour compter l&#8217;impact en \u00e9mission des produits (comptage CCC pour Carbone Cumulatif Comptable).<\/p>\n<p>Deux webinaires sont propos\u00e9es sur le comptage: du <strong>contenu carbone des biens et services<\/strong> (<a href=\"#formation1\">1<\/a>) et de <strong>la rentabilit\u00e9 carbone attendue des projets et investissements<\/strong> (<a href=\"#formation2\">2<\/a>)<\/p>\n<p><em>Vous voulez seulement <strong>en savoir plus sur la concurrence environnementale ?<\/strong>\u00a0C&#8217;est\u00a0<a href=\"https:\/\/carbones-factures.org\/presentation-generale\/\">ICI<\/a><\/em><\/p>\n<p>[\/et_pb_text][\/et_pb_column][\/et_pb_row][\/et_pb_section][et_pb_section fb_built=&#8221;1&#8243; admin_label=&#8221;Section&#8221; module_id=&#8221;formation1&#8243; _builder_version=&#8221;4.24.2&#8243; _module_preset=&#8221;default&#8221; background_color=&#8221;#5B876B&#8221; da_popup_slug=&#8221;formation1&#8243; da_disable_devices=&#8221;off|off|off&#8221; global_colors_info=&#8221;{}&#8221; da_is_popup=&#8221;off&#8221; da_exit_intent=&#8221;off&#8221; da_has_close=&#8221;on&#8221; da_alt_close=&#8221;off&#8221; da_dark_close=&#8221;off&#8221; da_not_modal=&#8221;on&#8221; da_is_singular=&#8221;off&#8221; da_with_loader=&#8221;off&#8221; da_has_shadow=&#8221;on&#8221;][et_pb_row _builder_version=&#8221;4.24.2&#8243; _module_preset=&#8221;default&#8221; global_colors_info=&#8221;{}&#8221;][et_pb_column type=&#8221;4_4&#8243; _builder_version=&#8221;4.24.2&#8243; _module_preset=&#8221;default&#8221; global_colors_info=&#8221;{}&#8221;][et_pb_text _builder_version=&#8221;4.24.2&#8243; _module_preset=&#8221;default&#8221; text_text_color=&#8221;#FFFFFF&#8221; text_font_size=&#8221;30px&#8221; text_line_height=&#8221;1.3em&#8221; link_text_color=&#8221;#F0CF34&#8243; hover_enabled=&#8221;0&#8243; global_colors_info=&#8221;{}&#8221; sticky_enabled=&#8221;0&#8243;]<\/p>\n<p><strong>WEBINAIRE 1 <\/strong><\/p>\n<p><strong>Pourquoi et comment une entreprise compte et transmet <\/strong><strong>le contenu carbone de ses produits<\/strong><\/p>\n<p>[\/et_pb_text][et_pb_text _builder_version=&#8221;4.24.2&#8243; _module_preset=&#8221;default&#8221; text_text_color=&#8221;#FFFFFF&#8221; text_font_size=&#8221;25px&#8221; text_line_height=&#8221;1.3em&#8221; link_text_color=&#8221;#F0CF34&#8243; global_colors_info=&#8221;{}&#8221;]<\/p>\n<p>Ce webinaire d&#8217;une \u00e0 deux heures permet de comprendre l\u2019int\u00e9r\u00eat de la concurrence environnementale pour l\u2019entreprise et de compter l\u2019impact carbone de ses produits. Il s\u2019appuie sur un calculateur gratuit qui permet de conduire facilement le comptage r\u00e9el d&#8217;une petite entreprise ou le comptage simplifi\u00e9 d\u2019une grande entreprise.<\/p>\n<p>Il est disponible sous trois formes :<\/p>\n<p style=\"padding-left: 40px\">&#8211; Un webinaire sur mesure pour un enseignant souhaitant une pr\u00e9sentation \u00e0 ses \u00e9tudiants avec questions-r\u00e9ponses. Le webinaire est adapt\u00e9 \u00e0 la fili\u00e8re (\u2018finance-comptabilit\u00e9\u2019, \u2018ing\u00e9nieur\u2019&#8230;). Il a lieu en ligne \u00e0 l\u2019heure souhait\u00e9e par l\u2019enseignant.<\/p>\n<p style=\"padding-left: 40px\">&#8211; Un webinaire public hebdomadaire sur inscription.<\/p>\n<p style=\"padding-left: 40px\">&#8211; Le support de la pr\u00e9sentation et le calculateur peuvent \u00eatre librement utilis\u00e9s en ligne ou t\u00e9l\u00e9charg\u00e9s.<\/p>\n<p>Aucun pr\u00e9requis n&#8217;est n\u00e9cessaire.<\/p>\n<p>[\/et_pb_text][\/et_pb_column][\/et_pb_row][\/et_pb_section][et_pb_section fb_built=&#8221;1&#8243; admin_label=&#8221;Section&#8221; module_id=&#8221;formation2&#8243; _builder_version=&#8221;4.24.2&#8243; _module_preset=&#8221;default&#8221; background_color=&#8221;gcid-a27be768-d429-4113-86fd-1767d55667b4&#8243; da_popup_slug=&#8221;formation2&#8243; da_disable_devices=&#8221;off|off|off&#8221; global_colors_info=&#8221;{%22gcid-a27be768-d429-4113-86fd-1767d55667b4%22:%91%22background_color%22%93}&#8221; da_is_popup=&#8221;off&#8221; da_exit_intent=&#8221;off&#8221; da_has_close=&#8221;on&#8221; da_alt_close=&#8221;off&#8221; da_dark_close=&#8221;off&#8221; da_not_modal=&#8221;on&#8221; da_is_singular=&#8221;off&#8221; da_with_loader=&#8221;off&#8221; da_has_shadow=&#8221;on&#8221;][et_pb_row _builder_version=&#8221;4.24.2&#8243; _module_preset=&#8221;default&#8221; global_colors_info=&#8221;{}&#8221;][et_pb_column type=&#8221;4_4&#8243; _builder_version=&#8221;4.24.2&#8243; _module_preset=&#8221;default&#8221; global_colors_info=&#8221;{}&#8221;][et_pb_text _builder_version=&#8221;4.24.2&#8243; _module_preset=&#8221;default&#8221; text_text_color=&#8221;#FFFFFF&#8221; text_font_size=&#8221;30px&#8221; text_line_height=&#8221;1.3em&#8221; link_text_color=&#8221;#F0CF34&#8243; global_colors_info=&#8221;{}&#8221;]<\/p>\n<p><strong>WEBINAIRE 2<\/strong><\/p>\n<p><strong>Pourquoi et comment compter la rentabilit\u00e9 carbone <\/strong><strong>des projets et de leurs financements<\/strong><\/p>\n<p>[\/et_pb_text][et_pb_text _builder_version=&#8221;4.24.2&#8243; _module_preset=&#8221;default&#8221; text_text_color=&#8221;#FFFFFF&#8221; text_font_size=&#8221;25px&#8221; text_line_height=&#8221;1.3em&#8221; link_text_color=&#8221;#F0CF34&#8243; global_colors_info=&#8221;{}&#8221;]<\/p>\n<p>La formation se fait sous forme de webinaire sur mesure<\/p>\n<p>Elle demande d\u2019avoir d\u00e9j\u00e0 eu une introduction au calcul \u00e9conomique et financier de base (actualisation\u2026).<\/p>\n<p>[\/et_pb_text][\/et_pb_column][\/et_pb_row][\/et_pb_section][et_pb_section fb_built=&#8221;1&#8243; admin_label=&#8221;Section&#8221; _builder_version=&#8221;4.24.2&#8243; _module_preset=&#8221;default&#8221; background_color=&#8221;gcid-6af40c39-ed5c-4006-8290-7e66b9418a31&#8243; da_disable_devices=&#8221;off|off|off&#8221; global_colors_info=&#8221;{%22gcid-6af40c39-ed5c-4006-8290-7e66b9418a31%22:%91%22background_color%22%93}&#8221; da_is_popup=&#8221;off&#8221; da_exit_intent=&#8221;off&#8221; da_has_close=&#8221;on&#8221; da_alt_close=&#8221;off&#8221; da_dark_close=&#8221;off&#8221; da_not_modal=&#8221;on&#8221; da_is_singular=&#8221;off&#8221; da_with_loader=&#8221;off&#8221; da_has_shadow=&#8221;on&#8221;][et_pb_row _builder_version=&#8221;4.24.2&#8243; _module_preset=&#8221;default&#8221; global_colors_info=&#8221;{}&#8221;][et_pb_column type=&#8221;4_4&#8243; _builder_version=&#8221;4.24.2&#8243; _module_preset=&#8221;default&#8221; global_colors_info=&#8221;{}&#8221;][et_pb_text _builder_version=&#8221;4.24.2&#8243; _module_preset=&#8221;default&#8221; text_text_color=&#8221;#FFFFFF&#8221; text_font_size=&#8221;30px&#8221; text_line_height=&#8221;1.3em&#8221; link_text_color=&#8221;#F0CF34&#8243; global_colors_info=&#8221;{}&#8221;]<\/p>\n<p><strong>Les formateurs<\/strong><\/p>\n<p>[\/et_pb_text][\/et_pb_column][\/et_pb_row][et_pb_row column_structure=&#8221;1_4,3_4&#8243; _builder_version=&#8221;4.24.2&#8243; _module_preset=&#8221;default&#8221; global_colors_info=&#8221;{}&#8221;][et_pb_column type=&#8221;1_4&#8243; _builder_version=&#8221;4.24.2&#8243; _module_preset=&#8221;default&#8221; global_colors_info=&#8221;{}&#8221;][et_pb_image src=&#8221;https:\/\/carbones-factures.org\/wp-content\/uploads\/2026\/03\/photo-JC-scaled.jpg&#8221; title_text=&#8221;photo JC&#8221; _builder_version=&#8221;4.24.2&#8243; _module_preset=&#8221;default&#8221; width=&#8221;80%&#8221; global_colors_info=&#8221;{}&#8221;][\/et_pb_image][\/et_pb_column][et_pb_column type=&#8221;3_4&#8243; _builder_version=&#8221;4.24.2&#8243; _module_preset=&#8221;default&#8221; global_colors_info=&#8221;{}&#8221;][et_pb_text _builder_version=&#8221;4.24.2&#8243; _module_preset=&#8221;default&#8221; text_text_color=&#8221;#FFFFFF&#8221; text_font_size=&#8221;25px&#8221; text_line_height=&#8221;1.3em&#8221; link_text_color=&#8221;#F0CF34&#8243; global_colors_info=&#8221;{}&#8221;]<\/p>\n<p>J\u00e9r\u00f4me Cazes est l\u2019un des concepteurs de la concurrence ZEN. Il a une exp\u00e9rience \u00e9tendue de la gestion d\u2019entreprise, de la petite entreprise num\u00e9rique qu\u2019il a cr\u00e9\u00e9e \u00e0 la direction d\u2019un groupe international c\u00f4t\u00e9. Il anime les collectifs R\u00e9concilions-nous ! et Carbones sur factures, qui r\u00e9unit des experts b\u00e9n\u00e9voles.<\/p>\n<p>[\/et_pb_text][\/et_pb_column][\/et_pb_row][et_pb_row column_structure=&#8221;1_4,3_4&#8243; _builder_version=&#8221;4.24.2&#8243; _module_preset=&#8221;default&#8221; global_colors_info=&#8221;{}&#8221;][et_pb_column type=&#8221;1_4&#8243; _builder_version=&#8221;4.24.2&#8243; _module_preset=&#8221;default&#8221; global_colors_info=&#8221;{}&#8221;][et_pb_image src=&#8221;https:\/\/carbones-factures.org\/wp-content\/uploads\/2026\/03\/Capture-decran-2026-03-30-124831.jpg&#8221; title_text=&#8221;Capture d\u2019\u00e9cran 2026-03-30 124831&#8243; _builder_version=&#8221;4.24.2&#8243; _module_preset=&#8221;default&#8221; width=&#8221;78%&#8221; global_colors_info=&#8221;{}&#8221;][\/et_pb_image][\/et_pb_column][et_pb_column type=&#8221;3_4&#8243; _builder_version=&#8221;4.24.2&#8243; _module_preset=&#8221;default&#8221; global_colors_info=&#8221;{}&#8221;][et_pb_text _builder_version=&#8221;4.24.2&#8243; _module_preset=&#8221;default&#8221; text_text_color=&#8221;#FFFFFF&#8221; text_font_size=&#8221;25px&#8221; text_line_height=&#8221;1.3em&#8221; link_text_color=&#8221;#F0CF34&#8243; global_colors_info=&#8221;{}&#8221;]<\/p>\n<p>Val\u00e9rie Vanwormhoudt est responsable des op\u00e9rations d\u2019une entreprise du num\u00e9rique, apr\u00e8s avoir \u00e9t\u00e9 chef de projet informatique. B\u00e9n\u00e9vole de Carbones sur factures, elle a con\u00e7u ses outils, notamment le calculateur simulateur gratuit d\u2019entreprise comptant le contenu carbone de ses produits.<\/p>\n<p>[\/et_pb_text][\/et_pb_column][\/et_pb_row][\/et_pb_section][et_pb_section fb_built=&#8221;1&#8243; admin_label=&#8221;Section&#8221; _builder_version=&#8221;4.24.2&#8243; _module_preset=&#8221;default&#8221; background_color=&#8221;#000000&#8243; da_disable_devices=&#8221;off|off|off&#8221; global_colors_info=&#8221;{}&#8221; da_is_popup=&#8221;off&#8221; da_exit_intent=&#8221;off&#8221; da_has_close=&#8221;on&#8221; da_alt_close=&#8221;off&#8221; da_dark_close=&#8221;off&#8221; da_not_modal=&#8221;on&#8221; da_is_singular=&#8221;off&#8221; da_with_loader=&#8221;off&#8221; da_has_shadow=&#8221;on&#8221;][et_pb_row column_structure=&#8221;1_3,1_3,1_3&#8243; _builder_version=&#8221;4.24.2&#8243; _module_preset=&#8221;default&#8221; global_colors_info=&#8221;{}&#8221;][et_pb_column type=&#8221;1_3&#8243; _builder_version=&#8221;4.24.2&#8243; _module_preset=&#8221;default&#8221; global_colors_info=&#8221;{}&#8221;][et_pb_button button_url=&#8221;https:\/\/carbones-factures.org\/webinaire-sur-mesure\/&#8221; url_new_window=&#8221;on&#8221; button_text=&#8221;Webinaire sur mesure    &#8221; button_alignment=&#8221;center&#8221; _builder_version=&#8221;4.24.2&#8243; _module_preset=&#8221;default&#8221; custom_button=&#8221;on&#8221; button_text_color=&#8221;#000000&#8243; button_bg_color=&#8221;#F0CF34&#8243; button_border_width=&#8221;0px&#8221; global_colors_info=&#8221;{}&#8221;][\/et_pb_button][\/et_pb_column][et_pb_column type=&#8221;1_3&#8243; _builder_version=&#8221;4.24.2&#8243; _module_preset=&#8221;default&#8221; global_colors_info=&#8221;{}&#8221;][et_pb_button button_url=&#8221;https:\/\/carbones-factures.org\/webinaire-economie-carbone\/&#8221; url_new_window=&#8221;on&#8221; button_text=&#8221;Webinaire public&#8221; button_alignment=&#8221;center&#8221; _builder_version=&#8221;4.24.2&#8243; _module_preset=&#8221;default&#8221; custom_button=&#8221;on&#8221; button_text_color=&#8221;#000000&#8243; button_bg_color=&#8221;#F0CF34&#8243; button_border_width=&#8221;0px&#8221; global_colors_info=&#8221;{}&#8221;][\/et_pb_button][\/et_pb_column][et_pb_column type=&#8221;1_3&#8243; _builder_version=&#8221;4.24.2&#8243; _module_preset=&#8221;default&#8221; global_colors_info=&#8221;{}&#8221;][et_pb_button button_url=&#8221;https:\/\/carbones-factures.org\/tutoriels\/&#8221; url_new_window=&#8221;on&#8221; button_text=&#8221;Support en ligne ou \u00e0 t\u00e9l\u00e9charger&#8221; button_alignment=&#8221;center&#8221; _builder_version=&#8221;4.24.2&#8243; _module_preset=&#8221;default&#8221; custom_button=&#8221;on&#8221; button_text_color=&#8221;#000000&#8243; button_bg_color=&#8221;#F0CF34&#8243; button_border_width=&#8221;0px&#8221; global_colors_info=&#8221;{}&#8221;][\/et_pb_button][\/et_pb_column][\/et_pb_row][\/et_pb_section]<\/p>\n","protected":false},"excerpt":{"rendered":"<p>&nbsp; Nos webinaires sur mesure gratuits pour \u00e9tudiants et professionnels \u00a0Tirer parti de la concurrence environnementale ZENCes webinaires ou tutoriels permettent de comprendre l&#8217;opportunit\u00e9 qu&#8217;ouvre la concurrence environnementale ZEN aux entreprises, aux \u00e9tablissements financiers, aux collectivit\u00e9s publiques, \u00e0 travers une nouvelle m\u00e9thode pour compter l&#8217;impact en \u00e9mission des produits (comptage CCC pour Carbone Cumulatif Comptable). [&hellip;]<\/p>\n","protected":false},"author":2,"featured_media":0,"parent":0,"menu_order":0,"comment_status":"closed","ping_status":"closed","template":"","meta":{"_et_pb_use_builder":"on","_et_pb_old_content":"","_et_gb_content_width":"","footnotes":""},"class_list":["post-10656","page","type-page","status-publish","hentry"],"_links":{"self":[{"href":"https:\/\/carbones-factures.org\/en\/wp-json\/wp\/v2\/pages\/10656","targetHints":{"allow":["GET"]}}],"collection":[{"href":"https:\/\/carbones-factures.org\/en\/wp-json\/wp\/v2\/pages"}],"about":[{"href":"https:\/\/carbones-factures.org\/en\/wp-json\/wp\/v2\/types\/page"}],"author":[{"embeddable":true,"href":"https:\/\/carbones-factures.org\/en\/wp-json\/wp\/v2\/users\/2"}],"replies":[{"embeddable":true,"href":"https:\/\/carbones-factures.org\/en\/wp-json\/wp\/v2\/comments?post=10656"}],"version-history":[{"count":23,"href":"https:\/\/carbones-factures.org\/en\/wp-json\/wp\/v2\/pages\/10656\/revisions"}],"predecessor-version":[{"id":11796,"href":"https:\/\/carbones-factures.org\/en\/wp-json\/wp\/v2\/pages\/10656\/revisions\/11796"}],"wp:attachment":[{"href":"https:\/\/carbones-factures.org\/en\/wp-json\/wp\/v2\/media?parent=10656"}],"curies":[{"name":"wp","href":"https:\/\/api.w.org\/{rel}","templated":true}]}}